{"id":99,"date":"2024-11-25T10:49:56","date_gmt":"2024-11-25T10:49:56","guid":{"rendered":"https:\/\/cuckoo.lt\/?page_id=99"},"modified":"2026-04-29T14:56:42","modified_gmt":"2026-04-29T14:56:42","slug":"about-us","status":"publish","type":"page","link":"https:\/\/cuckoo.lt\/index.php\/about-us\/","title":{"rendered":"about us"},"content":{"rendered":"\n<p>\u201eGegut\u0117\u201c yra riboto tira\u017eo eksperimentinis literat\u016brinis \u017eurnalas (lot.&nbsp;<em>diurnalis experimentum<\/em>), kuriame daug d\u0117mesio skiriama literat\u016briniam turiniui ir vizualinei rai\u0161kai.<\/p>\n\n\n\n<p>\u017durnalo id\u0117ja gim\u0117 Laisv\u0117s al\u0117joje, Kaune. Pirminis sumanymas buvo leidin\u012f pavadinti literat\u016bros ir kulinarijos \u017eurnalu \u201eKunigas\u201c. \u017durnalo sumanytojai \u2013 Deividas Prei\u0161egalavi\u010dius ir Dominykas Matulionis.<\/p>\n\n\n\n<p>Pirm\u0105j\u012f \u201eGegut\u0117s\u201c numer\u012f apipavidalino ir vizualin\u012f identitet\u0105 suk\u016br\u0117 \u201eHands on Press\u201c (Inga Navickait\u0117, iliustr. autor\u0117 G. Gudaityt\u0117). \u017durnalas 2023 m. buvo i\u0161leistas 200 vnt. tira\u017eu, i\u0161spausdintas risografijos b\u016bdu. Pristatytas Kaune, Vilniuje, Klaip\u0117doje ir Tartu, \u0161iuose miestuose j\u012f buvo galima ir \u012fsigyti.<\/p>\n\n\n\n<p>Antrasis \u017eurnalo numeris \u2013 \u201eJ\u016brin\u0117 Gegut\u0117\u201c \u2013 buvo i\u0161leistas 400 vnt. tira\u017eu. Spausdintas risografu ir apipavidalintas puslapius da\u017eant rankiniu b\u016bdu (dailininkas ir dizaineris Rokas Bilinskas). \u017durnalas buvo pristatytas Klaip\u0117dos knyg\u0173 meno festivalyje ir V\u0161\u012e \u201eVilnius UNESCO literat\u016bros miestas\u201c Literat\u0173 namuose.<\/p>\n\n\n\n<p>Tre\u010di\u0105j\u012f \u017eurnalo numer\u012f \u201eVestuvin\u0117 Gegut\u0117\u201c 2025 m. sudar\u0117 Simonas Bernotas, Linas Daug\u0117la, Dominykas Matulionis ir Deividas Prei\u0161egalavi\u010dius. 400 vnt. tira\u017eu i\u0161spausdinto leidinio dizain\u0105 suk\u016br\u0117 dizaineris Hermandrowning.<\/p>\n\n\n\n<p><\/p>\n\n\n\n<p>\u201eVestuvin\u0117 Gegut\u0117\u201c buvo pristatyta Lietuvos ra\u0161ytoj\u0173 s\u0105jungos Did\u017eiojoje sal\u0117je, Klaip\u0117dos knyg\u0173 meno festivalyje ir Kauno literat\u016bros savait\u0117je. \u00a0\u0160iame numeryje buvo publikuota beveik 50 autori\u0173 ir vertim\u0173, taip pat ir vestuvinis kry\u017eia\u017eodis. \u201eVestuvinei Gegutei\u201c 3 dali\u0173 atmosferin\u012f muzikos triptik\u0105 \u201eParam Param Ku Ku<strong>\u201c<\/strong> suk\u016br\u0117 multiinstrumentalist\u0173 ansamblis \u201eLedum Hortus<strong>\u201c<\/strong>.Visi \u201eGegut\u0117s\u201c \u017eurnalai pasi\u017eymi netik\u0117tais sprendimais, juose reklamuojami kaleidoskopai, \u017eemaituk\u0173 arkli\u0173 veisl\u0117, Bim bam jausmas ir kt. Pristatymuose lankytojus pasitinka meno instaliacijos i\u0161 k\u0117d\u017ei\u0173, \u0161okama tango, sve\u010diai ateina \u00a0pasipuo\u0161\u0119 vestuviniais drabu\u017eiais.<\/p>\n\n\n\n<p>Piln\u0105 Lietuvos ra\u0161ytoj\u0173 s\u0105jungos Did\u017eiaj\u0105 sal\u0119 sutraukusiame renginyje \u201eVestuvin\u0117s Gegut\u0117s ceremonija\u201c renginio ved\u0117jai ved. Linas Daug\u0117la ir Tomas Petrulis, pasitelk\u0117 \u0161vie\u010dian\u010di\u0105 m\u0117nulio lemp\u0105, kuri v\u0117liau per socialinius tinklus buvo parduota aukcione.<\/p>\n\n\n\n<p>\u017durnal\u0105 galima \u012fsigyti MO muziejuje ir Klaip\u0117dos kult\u016br\u0173 komunikacij\u0173 centre. Pauk\u0161telio k\u016bne savo tekstus ir vertimus yra publikav\u0119 Greta Ambrazait\u0117, Simonas Bernotas, Sabina Brilo, Marius Burokas, Giedr\u0117 Kazlauskait\u0117, Vaiva Grainyt\u0117, Gintaras Grajauskas, Patricija Gudeikait\u0117, Mirjam Parve, Tomas Petrulis, Ieva Marija Sokolovait\u0117, Benas \u0160arka, Ur\u0161ul\u0117 Toleikyt\u0117, Rimas U\u017egiris ir kiti autoriai.<\/p>\n","protected":false},"excerpt":{"rendered":"<p>\u201eGegut\u0117\u201c yra riboto tira\u017eo eksperimentinis literat\u016brinis \u017eurnalas (lot.&nbsp;diurnalis experimentum), kuriame daug d\u0117mesio skiriama literat\u016briniam turiniui ir vizualinei rai\u0161kai. \u017durnalo id\u0117ja gim\u0117 Laisv\u0117s al\u0117joje, Kaune. Pirminis sumanymas buvo leidin\u012f pavadinti literat\u016bros ir kulinarijos \u017eurnalu \u201eKunigas\u201c. \u017durnalo sumanytojai \u2013 Deividas Prei\u0161egalavi\u010dius ir Dominykas Matulionis. Pirm\u0105j\u012f \u201eGegut\u0117s\u201c numer\u012f apipavidalino ir vizualin\u012f identitet\u0105 suk\u016br\u0117 \u201eHands on Press\u201c (Inga Navickait\u0117, [&hellip;]<\/p>\n","protected":false},"author":1,"featured_media":0,"parent":0,"menu_order":0,"comment_status":"closed","ping_status":"closed","template":"","meta":{"om_disable_all_campaigns":false,"inline_featured_image":false,"_monsterinsights_skip_tracking":false,"_monsterinsights_sitenote_active":false,"_monsterinsights_sitenote_note":"","_monsterinsights_sitenote_category":0,"footnotes":""},"aioseo_notices":[],"_links":{"self":[{"href":"https:\/\/cuckoo.lt\/index.php\/wp-json\/wp\/v2\/pages\/99"}],"collection":[{"href":"https:\/\/cuckoo.lt\/index.php\/wp-json\/wp\/v2\/pages"}],"about":[{"href":"https:\/\/cuckoo.lt\/index.php\/wp-json\/wp\/v2\/types\/page"}],"author":[{"embeddable":true,"href":"https:\/\/cuckoo.lt\/index.php\/wp-json\/wp\/v2\/users\/1"}],"replies":[{"embeddable":true,"href":"https:\/\/cuckoo.lt\/index.php\/wp-json\/wp\/v2\/comments?post=99"}],"version-history":[{"count":4,"href":"https:\/\/cuckoo.lt\/index.php\/wp-json\/wp\/v2\/pages\/99\/revisions"}],"predecessor-version":[{"id":128,"href":"https:\/\/cuckoo.lt\/index.php\/wp-json\/wp\/v2\/pages\/99\/revisions\/128"}],"wp:attachment":[{"href":"https:\/\/cuckoo.lt\/index.php\/wp-json\/wp\/v2\/media?parent=99"}],"curies":[{"name":"wp","href":"https:\/\/api.w.org\/{rel}","templated":true}]}}